{"id":20,"date":"2010-12-10T16:29:02","date_gmt":"2010-12-10T15:29:02","guid":{"rendered":"http:\/\/www.diepizzeria.eu\/?page_id=20"},"modified":"2025-04-10T11:40:02","modified_gmt":"2025-04-10T10:40:02","slug":"produkt","status":"publish","type":"page","link":"http:\/\/www.diepizzeria.eu\/cms\/?page_id=20","title":{"rendered":"Produkt"},"content":{"rendered":"<p>Wie? Kein Scallopine al Limon, keine Dorade f\u00fcr Zwei? Nur Pizza und Pasta &#8211; ist das Alles?<br \/>\nJa genau. Aber das in hervorragender Qualit\u00e4t und zu fairen Preisen. Und in einem sch\u00f6nen<br \/>\nAmbiente mit freundlichem Service.<br \/>\nBei uns im Mittelpunkt: die Pizza<\/p>\n<p><img loading=\"lazy\" decoding=\"async\" class=\"alignnone size-full wp-image-87\" src=\"http:\/\/www.diepizzeria.eu\/cms\/wp-content\/uploads\/2010\/12\/Produkt_Bild.jpg\" alt=\"\" width=\"644\" height=\"263\" srcset=\"http:\/\/www.diepizzeria.eu\/cms\/wp-content\/uploads\/2010\/12\/Produkt_Bild.jpg 644w, http:\/\/www.diepizzeria.eu\/cms\/wp-content\/uploads\/2010\/12\/Produkt_Bild-300x122.jpg 300w\" sizes=\"auto, (max-width: 644px) 100vw, 644px\" \/><\/p>\n<p>Vom Verwenden frischer Produkte und von sorgf\u00e4ltiger Zubereitung sprechen Alle.<br \/>\nWir machen es. Grosses Ehrenwort. Unsere Pizza ist d\u00fcnn, gross, knusprig und sieht nicht nur toll aus, sondern schmeckt einfach super. Jedenfalls hat sich noch Keiner beschwert, im Gegenteil.<br \/>\nWir bieten nat\u00fcrlich auch frische Salate, klassische Pastagerichte und Desserts an, die es lohnt zu probieren.<\/p>\n","protected":false},"excerpt":{"rendered":"<p>Wie? Kein Scallopine al Limon, keine Dorade f\u00fcr Zwei? Nur Pizza und Pasta &#8211; ist das Alles? Ja genau. Aber das in hervorragender Qualit\u00e4t und zu fairen Preisen. Und in einem sch\u00f6nen Ambiente mit freundlichem Service. Bei uns im Mittelpunkt: &hellip; <a href=\"http:\/\/www.diepizzeria.eu\/cms\/?page_id=20\">Weiterlesen <span class=\"meta-nav\">&rarr;<\/span><\/a><\/p>\n","protected":false},"author":3,"featured_media":0,"parent":0,"menu_order":0,"comment_status":"open","ping_status":"open","template":"","meta":{"footnotes":""},"class_list":["post-20","page","type-page","status-publish","hentry"],"_links":{"self":[{"href":"http:\/\/www.diepizzeria.eu\/cms\/index.php?rest_route=\/wp\/v2\/pages\/20","targetHints":{"allow":["GET"]}}],"collection":[{"href":"http:\/\/www.diepizzeria.eu\/cms\/index.php?rest_route=\/wp\/v2\/pages"}],"about":[{"href":"http:\/\/www.diepizzeria.eu\/cms\/index.php?rest_route=\/wp\/v2\/types\/page"}],"author":[{"embeddable":true,"href":"http:\/\/www.diepizzeria.eu\/cms\/index.php?rest_route=\/wp\/v2\/users\/3"}],"replies":[{"embeddable":true,"href":"http:\/\/www.diepizzeria.eu\/cms\/index.php?rest_route=%2Fwp%2Fv2%2Fcomments&post=20"}],"version-history":[{"count":25,"href":"http:\/\/www.diepizzeria.eu\/cms\/index.php?rest_route=\/wp\/v2\/pages\/20\/revisions"}],"predecessor-version":[{"id":348,"href":"http:\/\/www.diepizzeria.eu\/cms\/index.php?rest_route=\/wp\/v2\/pages\/20\/revisions\/348"}],"wp:attachment":[{"href":"http:\/\/www.diepizzeria.eu\/cms\/index.php?rest_route=%2Fwp%2Fv2%2Fmedia&parent=20"}],"curies":[{"name":"wp","href":"https:\/\/api.w.org\/{rel}","templated":true}]}}