{"id":25,"date":"2010-12-10T16:32:43","date_gmt":"2010-12-10T15:32:43","guid":{"rendered":"http:\/\/www.diepizzeria.eu\/?page_id=25"},"modified":"2025-04-14T10:15:25","modified_gmt":"2025-04-14T09:15:25","slug":"speisekarte","status":"publish","type":"page","link":"http:\/\/www.diepizzeria.eu\/cms\/?page_id=25","title":{"rendered":"Speisekarte"},"content":{"rendered":"<p><em>Wenn es irgendetwas gibt, das die EU wirklich mal sch\u00fctzen sollte, ist es der Begriff \u201ePizza\u201c. Was f\u00fcr ein kulinarischer Gewinn, wenn damit auf einen Schlag alle aufgeblasenen Hefefladen mit leicht tomatenk\u00e4siger Grundierung, die es wagen, sich Pizza zu nennen, verboten w\u00e4ren. Um den neuen Standart kennen zu lernen, bietet sich ein Besuch in \u201edie Pizzeria\u201c an.<\/em><\/p>\n<p>Auszug Szene Hamburg September 2010<\/p>\n<p>&nbsp;<\/p>\n<p><img loading=\"lazy\" decoding=\"async\" class=\"size-full wp-image-26 alignleft\" src=\"http:\/\/www.diepizzeria.eu\/cms\/wp-content\/uploads\/2010\/12\/Speisekarte-Bild.jpg\" alt=\"\" width=\"333\" height=\"385\" srcset=\"http:\/\/www.diepizzeria.eu\/cms\/wp-content\/uploads\/2010\/12\/Speisekarte-Bild.jpg 333w, http:\/\/www.diepizzeria.eu\/cms\/wp-content\/uploads\/2010\/12\/Speisekarte-Bild-259x300.jpg 259w\" sizes=\"auto, (max-width: 333px) 100vw, 333px\" \/><\/p>\n<p><a href=\"http:\/\/www.diepizzeria.eu\/cms\/wp-content\/uploads\/2025\/04\/Pizzeria_Speisekarte.pdf\" target=\"_blank\" rel=\"noopener\">Zur Speisekarte<\/a><\/p>\n<p><img loading=\"lazy\" decoding=\"async\" class=\"alignleft size-full wp-image-170\" src=\"http:\/\/www.diepizzeria.eu\/cms\/wp-content\/uploads\/2010\/12\/spacer.gif\" alt=\"\" width=\"1\" height=\"1\" \/><\/p>\n","protected":false},"excerpt":{"rendered":"<p>Wenn es irgendetwas gibt, das die EU wirklich mal sch\u00fctzen sollte, ist es der Begriff \u201ePizza\u201c. Was f\u00fcr ein kulinarischer Gewinn, wenn damit auf einen Schlag alle aufgeblasenen Hefefladen mit leicht tomatenk\u00e4siger Grundierung, die es wagen, sich Pizza zu nennen, &hellip; <a href=\"http:\/\/www.diepizzeria.eu\/cms\/?page_id=25\">Weiterlesen <span class=\"meta-nav\">&rarr;<\/span><\/a><\/p>\n","protected":false},"author":3,"featured_media":0,"parent":0,"menu_order":0,"comment_status":"open","ping_status":"open","template":"","meta":{"footnotes":""},"class_list":["post-25","page","type-page","status-publish","hentry"],"_links":{"self":[{"href":"http:\/\/www.diepizzeria.eu\/cms\/index.php?rest_route=\/wp\/v2\/pages\/25","targetHints":{"allow":["GET"]}}],"collection":[{"href":"http:\/\/www.diepizzeria.eu\/cms\/index.php?rest_route=\/wp\/v2\/pages"}],"about":[{"href":"http:\/\/www.diepizzeria.eu\/cms\/index.php?rest_route=\/wp\/v2\/types\/page"}],"author":[{"embeddable":true,"href":"http:\/\/www.diepizzeria.eu\/cms\/index.php?rest_route=\/wp\/v2\/users\/3"}],"replies":[{"embeddable":true,"href":"http:\/\/www.diepizzeria.eu\/cms\/index.php?rest_route=%2Fwp%2Fv2%2Fcomments&post=25"}],"version-history":[{"count":25,"href":"http:\/\/www.diepizzeria.eu\/cms\/index.php?rest_route=\/wp\/v2\/pages\/25\/revisions"}],"predecessor-version":[{"id":384,"href":"http:\/\/www.diepizzeria.eu\/cms\/index.php?rest_route=\/wp\/v2\/pages\/25\/revisions\/384"}],"wp:attachment":[{"href":"http:\/\/www.diepizzeria.eu\/cms\/index.php?rest_route=%2Fwp%2Fv2%2Fmedia&parent=25"}],"curies":[{"name":"wp","href":"https:\/\/api.w.org\/{rel}","templated":true}]}}