{"id":55,"date":"2010-12-10T16:45:41","date_gmt":"2010-12-10T15:45:41","guid":{"rendered":"http:\/\/www.diepizzeria.eu\/?page_id=55"},"modified":"2025-04-14T10:14:02","modified_gmt":"2025-04-14T09:14:02","slug":"impressum","status":"publish","type":"page","link":"http:\/\/www.diepizzeria.eu\/cms\/?page_id=55","title":{"rendered":"Impressum"},"content":{"rendered":"<table border=\"0\" cellspacing=\"0\" cellpadding=\"0\">\n<tbody>\n<tr>\n<td align=\"left\" valign=\"top\" width=\"315\">Pohanke Dunker GbR<br \/>\nDie Pizzeria<br \/>\nEppendorfer Landstrasse 165<br \/>\n20251 Hamburg<\/p>\n<p>Inhaber:<br \/>\nUlli Dunker, Michael Pohanke<\/p>\n<p>St.Nr.: 49\/651\/01611<br \/>\nSt.ID: DE271213190<\/p>\n<p>Telefon: 040 \/ 46 77 65 66<br \/>\n<a href=\"http:\/\/www.diepizzeria.eu\">www.diepizzeria.eu<\/a><\/p>\n<p><a href=\"mailto:post@diepizzeria.eu\">post@diepizzeria.eu<\/a><\/p>\n<p>Alle Interior-Fotos von Misha Vetter.<\/td>\n<td align=\"left\"><\/td>\n<td align=\"left\" valign=\"top\" width=\"315\"><strong>Disclaimer:<\/strong><\/p>\n<p>Unsere Webseiten sind urheberrechtlich gesch\u00fctzt. Jede Verwertung zu kommerziellen oder politischen Zwecken, sei es ganz oder teilweise, auch in ver\u00e4nderter Form bedarf der vorherigen Zustimmung. Zul\u00e4ssig ist der Ausdruck, die Kopie oder das Herunterladen von Dateien zu Informationszwecken sowie zum Zwecke der privaten Nutzung. Die in unseren Webseiten enthaltenen Links k\u00f6nnen dazu f\u00fchren, dass Sie auf die Webseiten Dritter gelangen. Wir weisen darauf hin, dass wir auf diese Webseiten keinen Einfluss haben, und daher auch nicht f\u00fcr deren Inhalt verantwortlich sind. Die Existenz von Links zu Webseiten Dritter stellt keine Empfehlung f\u00fcr diese Seiten, die sie betreibenden Unternehmen oder deren Produkte und Leistungen dar. Unsere Webseiten haben wir sehr sorgf\u00e4ltig zusammengestellt. F\u00fcr die Richtigkeit und Vollst\u00e4ndigkeit der Angaben k\u00f6nnen wir dennoch keine Haftung \u00fcbernehmen. Die Inhalte k\u00f6nnen \u00fcberdies ohne vorherige Ank\u00fcndigung aktualisiert, erweitert, gek\u00fcrzt oder anderweitig angepasst oder ge\u00e4ndert werden.<\/td>\n<\/tr>\n<\/tbody>\n<\/table>\n","protected":false},"excerpt":{"rendered":"<p>Pohanke Dunker GbR Die Pizzeria Eppendorfer Landstrasse 165 20251 Hamburg Inhaber: Ulli Dunker, Michael Pohanke St.Nr.: 49\/651\/01611 St.ID: DE271213190 Telefon: 040 \/ 46 77 65 66 www.diepizzeria.eu post@diepizzeria.eu Alle Interior-Fotos von Misha Vetter. Disclaimer: Unsere Webseiten sind urheberrechtlich gesch\u00fctzt. Jede &hellip; <a href=\"http:\/\/www.diepizzeria.eu\/cms\/?page_id=55\">Weiterlesen <span class=\"meta-nav\">&rarr;<\/span><\/a><\/p>\n","protected":false},"author":3,"featured_media":0,"parent":0,"menu_order":0,"comment_status":"open","ping_status":"open","template":"","meta":{"footnotes":""},"class_list":["post-55","page","type-page","status-publish","hentry"],"_links":{"self":[{"href":"http:\/\/www.diepizzeria.eu\/cms\/index.php?rest_route=\/wp\/v2\/pages\/55","targetHints":{"allow":["GET"]}}],"collection":[{"href":"http:\/\/www.diepizzeria.eu\/cms\/index.php?rest_route=\/wp\/v2\/pages"}],"about":[{"href":"http:\/\/www.diepizzeria.eu\/cms\/index.php?rest_route=\/wp\/v2\/types\/page"}],"author":[{"embeddable":true,"href":"http:\/\/www.diepizzeria.eu\/cms\/index.php?rest_route=\/wp\/v2\/users\/3"}],"replies":[{"embeddable":true,"href":"http:\/\/www.diepizzeria.eu\/cms\/index.php?rest_route=%2Fwp%2Fv2%2Fcomments&post=55"}],"version-history":[{"count":17,"href":"http:\/\/www.diepizzeria.eu\/cms\/index.php?rest_route=\/wp\/v2\/pages\/55\/revisions"}],"predecessor-version":[{"id":381,"href":"http:\/\/www.diepizzeria.eu\/cms\/index.php?rest_route=\/wp\/v2\/pages\/55\/revisions\/381"}],"wp:attachment":[{"href":"http:\/\/www.diepizzeria.eu\/cms\/index.php?rest_route=%2Fwp%2Fv2%2Fmedia&parent=55"}],"curies":[{"name":"wp","href":"https:\/\/api.w.org\/{rel}","templated":true}]}}